{"id":620,"date":"2023-01-01T18:21:21","date_gmt":"2023-01-01T17:21:21","guid":{"rendered":"https:\/\/horst-adler-kapelle.de\/?page_id=620"},"modified":"2025-10-30T18:30:49","modified_gmt":"2025-10-30T17:30:49","slug":"die-kapelle","status":"publish","type":"page","link":"https:\/\/horst-adler-kapelle.de\/?page_id=620","title":{"rendered":"Die Kapelle"},"content":{"rendered":"\n<p><\/p>\n\n\n\n<p class=\"has-text-align-center\"><strong>Adler-Rock aus Chemnitz &#8211; Die Rockparty<\/strong><\/p>\n\n\n\n<p class=\"has-text-align-left\"><\/p>\n\n\n<div class=\"wp-block-image\">\n<figure class=\"aligncenter size-large is-resized\"><img loading=\"lazy\" decoding=\"async\" width=\"1024\" height=\"795\" src=\"https:\/\/horst-adler-kapelle.de\/wp-content\/uploads\/2025\/08\/HAK_Express_Emil_Namen-1024x795.jpg\" alt=\"\" class=\"wp-image-1227\" style=\"width:600px\" srcset=\"https:\/\/horst-adler-kapelle.de\/wp-content\/uploads\/2025\/08\/HAK_Express_Emil_Namen-1024x795.jpg 1024w, https:\/\/horst-adler-kapelle.de\/wp-content\/uploads\/2025\/08\/HAK_Express_Emil_Namen-300x233.jpg 300w, https:\/\/horst-adler-kapelle.de\/wp-content\/uploads\/2025\/08\/HAK_Express_Emil_Namen-768x596.jpg 768w, https:\/\/horst-adler-kapelle.de\/wp-content\/uploads\/2025\/08\/HAK_Express_Emil_Namen.jpg 1200w\" sizes=\"auto, (max-width: 1024px) 100vw, 1024px\" \/><figcaption class=\"wp-element-caption\">Horst Adler Kapelle<\/figcaption><\/figure>\n<\/div>\n\n\n<p><\/p>\n\n\n\n<p style=\"font-size:20px\">Josef Adler &#8222;Mr. Speedfinger&#8220;- Gitarre, Hans Adler &#8211; Bass, Emil Adler &#8211; Drums, Kurt Adler &#8211; Drums, Horst Adler &#8222;Der Magier&#8220; &#8211; Gesang<\/p>\n\n\n\n<p><\/p>\n\n\n\n<p><a href=\"https:\/\/horst-adler-kapelle.de\/wp-content\/uploads\/2024\/03\/20240313_1200_Rockradio_de.mp3\" target=\"_blank\" rel=\"noreferrer noopener\">Interview mit Horst Adler<\/a> bei <a href=\"https:\/\/rockradio.de\/\" target=\"_blank\" rel=\"noreferrer noopener\">rockradio.de<\/a><\/p>\n\n\n\n<p><strong>Fragen an Horst<\/strong><\/p>\n\n\n\n<p><em>Woher kommt der komische Bandname?<\/em><br>Letztendlich ist es eine Schnapsidee, bei der es um das Nest eines Adlers geht und den Unwillen, sich irgendwie englisch zu benennen. Und der Name klingt sch\u00f6n bl\u00f6d. Da wir nie so richtig ernst bleiben k\u00f6nnen, ist der Name genau richtig.<\/p>\n\n\n\n<p><em>Wer schreibt eure deutschen Texte zu den eigenen und geklauten Songs?<\/em><br>Texte sind alle von mir, also von Horst Adler. Meist f\u00e4llt mir im Traum eine Zeile oder ein deutscher Refrain zu einem Song ein. Da steh&#8216; ich dann mitten in der Nacht auf und schreib&#8216; mir die Idee auf. Am n\u00e4chsten Tag steht meist der Text und paar Tage sp\u00e4ter mach ich ihn perfekt. Nach ein, zwei Proben lassen wir ihn dann aufs Publikum los.<\/p>\n\n\n\n<p><em>Habt ihr auch eigene Titel?<\/em><br>Wir haben etliche eigene deutsche Texte aber nur einen eigenen Song &#8211; das ist die Band-Hymne \ud83d\ude42 Wir gehen alle noch nebenbei arbeiten, haben aber jede Menge Spa\u00df, unsere eigenen Versionen bekannter Songs zu erarbeiten und live zu spielen. Das merkt auch das Publikum und der Funke springt schnell \u00fcber.<\/p>\n\n\n\n<p><em>Seid ihr alle in der DDR aufgewachsen?<\/em><br>Ja, wir sind alle &#8222;Kinder der DDR&#8220; &#8211; alle aus dem Erzgebirge oder aus Chemnitz. Wir lieben von fr\u00fchester Jugend an Rockmusik aller Art und spielen sie seit der Wende selbst in verschiedenen Bands. Vor 13 Jahren hat uns der Zufall zusammen gebracht und wir genie\u00dfen es, so oft live spielen zu k\u00f6nnen und dass das Publikum so begeistert ist.<\/p>\n\n\n\n<p><em>Wie sieht es mit Studioproduktionen aus?<\/em><br>Wir haben 2017 eine EP mit 6 Titeln ver\u00f6ffentlicht und sind 2021 nochmal f\u00fcr 6 Songs ins Studio gegangen. 2022 waren wir nochmals im Studio und haben unserer 2. EP noch ein paar Titel hinzu gef\u00fcgt. Wir haben auch einige Videos zu unseren Songs, die man nat\u00fcrlich auch auf <a href=\"https:\/\/www.youtube.com\/playlist?list=PL2cy-ETEfjNxXO4TpmtdxTIu5Ue4ZyEmd\" target=\"_blank\" rel=\"noreferrer noopener\">Youtube<\/a> bewundern kann. 2026 geht es wieder f\u00fcr ein paar Songs ins <a href=\"https:\/\/www.sonic-music.de\/\" target=\"_blank\" rel=\"noreferrer noopener\">Studio<\/a> zu Carsten Zeise.<\/p>\n\n\n\n<p>In den letzten Jahren haben wir einen Teil unserer Songs bei Spotify, Dweezer, Apple Music usw. platzieren k\u00f6nnen, sodass man uns weltweit h\u00f6ren kann.  Leider scheitern gerade unsere Bearbeitungen mit eigenen deutschen Texten an der Lizenzierung, sodass man sie nur auf <a href=\"https:\/\/soundcloud.com\/horst-adler-kapelle\" target=\"_blank\" rel=\"noreferrer noopener\">Soundcloud<\/a> h\u00f6ren kann. Aber unser Hauptaugenmerk liegt auf der Livemusik. Vor Publikum abzurocken, ob regional oder auch gern weiter weg, macht uns Riesenspa\u00df und zu unserem gro\u00dfen Gl\u00fcck auch unserer stetig wachsenden Fan-Gemeinde. <\/p>\n\n\n<div class=\"wp-block-image is-resized\">\n<figure class=\"alignright size-full\"><a href=\"https:\/\/www.eventfinder.de\" target=\"_blank\" rel=\"noopener\"><img loading=\"lazy\" decoding=\"async\" width=\"300\" height=\"240\" src=\"https:\/\/horst-adler-kapelle.de\/wp-content\/uploads\/2021\/08\/eventfinder-logo-hoch-negativ-300x240-1.png\" alt=\"\" class=\"wp-image-278\"\/><\/a><\/figure>\n<\/div>","protected":false},"excerpt":{"rendered":"<p>Adler-Rock aus Chemnitz &#8211; Die Rockparty Josef Adler &#8222;Mr. Speedfinger&#8220;- Gitarre, Hans Adler &#8211; Bass, Emil Adler &#8211; Drums, Kurt Adler &#8211; Drums, Horst Adler &#8222;Der Magier&#8220; &#8211; Gesang Interview mit Horst Adler bei rockradio.de Fragen an Horst Woher kommt der komische Bandname?Letztendlich ist es <span class=\"read-more\"><a class=\"more-link btn btn-transparent\" href=\"https:\/\/horst-adler-kapelle.de\/?page_id=620\">Read More &#8230;<\/a><\/span><\/p>\n","protected":false},"author":1,"featured_media":0,"parent":0,"menu_order":0,"comment_status":"closed","ping_status":"open","template":"","meta":{"footnotes":""},"class_list":["post-620","page","type-page","status-publish","hentry"],"_links":{"self":[{"href":"https:\/\/horst-adler-kapelle.de\/index.php?rest_route=\/wp\/v2\/pages\/620","targetHints":{"allow":["GET"]}}],"collection":[{"href":"https:\/\/horst-adler-kapelle.de\/index.php?rest_route=\/wp\/v2\/pages"}],"about":[{"href":"https:\/\/horst-adler-kapelle.de\/index.php?rest_route=\/wp\/v2\/types\/page"}],"author":[{"embeddable":true,"href":"https:\/\/horst-adler-kapelle.de\/index.php?rest_route=\/wp\/v2\/users\/1"}],"replies":[{"embeddable":true,"href":"https:\/\/horst-adler-kapelle.de\/index.php?rest_route=%2Fwp%2Fv2%2Fcomments&post=620"}],"version-history":[{"count":25,"href":"https:\/\/horst-adler-kapelle.de\/index.php?rest_route=\/wp\/v2\/pages\/620\/revisions"}],"predecessor-version":[{"id":1271,"href":"https:\/\/horst-adler-kapelle.de\/index.php?rest_route=\/wp\/v2\/pages\/620\/revisions\/1271"}],"wp:attachment":[{"href":"https:\/\/horst-adler-kapelle.de\/index.php?rest_route=%2Fwp%2Fv2%2Fmedia&parent=620"}],"curies":[{"name":"wp","href":"https:\/\/api.w.org\/{rel}","templated":true}]}}