{"id":2,"date":"2021-04-26T10:46:51","date_gmt":"2021-04-26T10:46:51","guid":{"rendered":"https:\/\/horst-adler-kapelle.de\/?page_id=2"},"modified":"2025-10-30T18:29:40","modified_gmt":"2025-10-30T17:29:40","slug":"sample-page","status":"publish","type":"page","link":"https:\/\/horst-adler-kapelle.de\/","title":{"rendered":"Abflug"},"content":{"rendered":"\n<p><\/p>\n\n\n\n<p style=\"font-size:22px\"><strong>Adlerrock aus dem Erzgebirge &#8211; Die Rockparty<\/strong><\/p>\n\n\n\n<figure class=\"wp-block-image size-large\"><img loading=\"lazy\" decoding=\"async\" width=\"1024\" height=\"746\" src=\"https:\/\/horst-adler-kapelle.de\/wp-content\/uploads\/2025\/02\/ErzgebirgeNoSchriftRand-1024x746.jpg\" alt=\"\" class=\"wp-image-1149\" srcset=\"https:\/\/horst-adler-kapelle.de\/wp-content\/uploads\/2025\/02\/ErzgebirgeNoSchriftRand-1024x746.jpg 1024w, https:\/\/horst-adler-kapelle.de\/wp-content\/uploads\/2025\/02\/ErzgebirgeNoSchriftRand-300x219.jpg 300w, https:\/\/horst-adler-kapelle.de\/wp-content\/uploads\/2025\/02\/ErzgebirgeNoSchriftRand-768x560.jpg 768w, https:\/\/horst-adler-kapelle.de\/wp-content\/uploads\/2025\/02\/ErzgebirgeNoSchriftRand-1536x1119.jpg 1536w, https:\/\/horst-adler-kapelle.de\/wp-content\/uploads\/2025\/02\/ErzgebirgeNoSchriftRand-2048x1493.jpg 2048w\" sizes=\"auto, (max-width: 1024px) 100vw, 1024px\" \/><\/figure>\n\n\n\n<p class=\"has-text-align-left\">F\u00fcnf Musiker aus Chemnitz, Oelsnitz und Neuhausen im Erzgebirge, die Erfinder des Adlerrocks, heizen euch mit \u00fcberraschenden Rockversionen bekannter Songs ein &#8211; wie z.B. &#8222;Griechischer Wein&#8220; von Udo J\u00fcrgens, Nina Hagens DDR-Hit &#8222;Du hast den Farbfilm vergessen&#8220; mit eigenem neuen Text zum Thema &#8222;Smartphone&#8220; oder eine Ska-Version von &#8222;Sex Bomb&#8220; oder einem verrockten &#8222;Money Money Money&#8220; von ABBA. Tanzbarer &#8222;Adlerrock&#8220; vom Feinsten! Bei der Rockband in klassischer Besetzung &#8211; Bass, E-Gitarre, Drums und Gesang &#8211; geht die Rockparty ab &#8211; von Kneipe \u00fcber jeden Saal, Bikertreffen, Open Air B\u00fchne oder auch Privatparty &#8211; die Horst Adler Kapelle rockt einfach alles.<\/p>\n\n\n\n\n\n\n\n\n","protected":false},"excerpt":{"rendered":"<p>Adlerrock aus dem Erzgebirge &#8211; Die Rockparty F\u00fcnf Musiker aus Chemnitz, Oelsnitz und Neuhausen im Erzgebirge, die Erfinder des Adlerrocks, heizen euch mit \u00fcberraschenden Rockversionen bekannter Songs ein &#8211; wie z.B. &#8222;Griechischer Wein&#8220; von Udo J\u00fcrgens, Nina Hagens DDR-Hit &#8222;Du hast den Farbfilm vergessen&#8220; mit <span class=\"read-more\"><a class=\"more-link btn btn-transparent\" href=\"https:\/\/horst-adler-kapelle.de\/\">Read More &#8230;<\/a><\/span><\/p>\n","protected":false},"author":1,"featured_media":0,"parent":0,"menu_order":0,"comment_status":"closed","ping_status":"open","template":"","meta":{"footnotes":""},"class_list":["post-2","page","type-page","status-publish","hentry"],"_links":{"self":[{"href":"https:\/\/horst-adler-kapelle.de\/index.php?rest_route=\/wp\/v2\/pages\/2","targetHints":{"allow":["GET"]}}],"collection":[{"href":"https:\/\/horst-adler-kapelle.de\/index.php?rest_route=\/wp\/v2\/pages"}],"about":[{"href":"https:\/\/horst-adler-kapelle.de\/index.php?rest_route=\/wp\/v2\/types\/page"}],"author":[{"embeddable":true,"href":"https:\/\/horst-adler-kapelle.de\/index.php?rest_route=\/wp\/v2\/users\/1"}],"replies":[{"embeddable":true,"href":"https:\/\/horst-adler-kapelle.de\/index.php?rest_route=%2Fwp%2Fv2%2Fcomments&post=2"}],"version-history":[{"count":46,"href":"https:\/\/horst-adler-kapelle.de\/index.php?rest_route=\/wp\/v2\/pages\/2\/revisions"}],"predecessor-version":[{"id":1270,"href":"https:\/\/horst-adler-kapelle.de\/index.php?rest_route=\/wp\/v2\/pages\/2\/revisions\/1270"}],"wp:attachment":[{"href":"https:\/\/horst-adler-kapelle.de\/index.php?rest_route=%2Fwp%2Fv2%2Fmedia&parent=2"}],"curies":[{"name":"wp","href":"https:\/\/api.w.org\/{rel}","templated":true}]}}